{"id":14,"date":"2025-07-14T09:23:40","date_gmt":"2025-07-14T09:23:40","guid":{"rendered":"https:\/\/demo.lemansec.ch\/auberge-colombier.ch\/?page_id=14"},"modified":"2026-04-10T14:45:42","modified_gmt":"2026-04-10T14:45:42","slug":"accueil","status":"publish","type":"page","link":"https:\/\/auberge-colombier-vd.ch\/","title":{"rendered":"Accueil"},"content":{"rendered":"\t\t<div data-elementor-type=\"wp-page\" data-elementor-id=\"14\" class=\"elementor elementor-14\" data-elementor-post-type=\"page\">\n\t\t\t\t<div class=\"elementor-element elementor-element-795f134 e-flex e-con-boxed e-con e-parent\" data-id=\"795f134\" data-element_type=\"container\" data-e-type=\"container\" data-settings=\"{&quot;background_background&quot;:&quot;slideshow&quot;,&quot;background_slideshow_gallery&quot;:[{&quot;id&quot;:651,&quot;url&quot;:&quot;https:\\\/\\\/auberge-colombier-vd.ch\\\/wp-content\\\/uploads\\\/2026\\\/03\\\/Auberge-de-commune-Colombier-\\u00a9EliseMoloney-2.jpg-scaled.jpeg&quot;},{&quot;id&quot;:652,&quot;url&quot;:&quot;https:\\\/\\\/auberge-colombier-vd.ch\\\/wp-content\\\/uploads\\\/2026\\\/03\\\/Auberge-de-commune-Colombier-\\u00a9EliseMoloney-3.jpg-scaled.jpeg&quot;},{&quot;id&quot;:653,&quot;url&quot;:&quot;https:\\\/\\\/auberge-colombier-vd.ch\\\/wp-content\\\/uploads\\\/2026\\\/03\\\/Auberge-de-commune-Colombier-\\u00a9EliseMoloney-4.jpg-scaled.jpeg&quot;},{&quot;id&quot;:656,&quot;url&quot;:&quot;https:\\\/\\\/auberge-colombier-vd.ch\\\/wp-content\\\/uploads\\\/2026\\\/03\\\/Auberge-de-commune-Colombier-\\u00a9EliseMoloney-7.jpg-scaled.jpeg&quot;},{&quot;id&quot;:657,&quot;url&quot;:&quot;https:\\\/\\\/auberge-colombier-vd.ch\\\/wp-content\\\/uploads\\\/2026\\\/03\\\/Auberge-de-commune-Colombier-\\u00a9EliseMoloney-8.jpg-scaled.jpeg&quot;},{&quot;id&quot;:658,&quot;url&quot;:&quot;https:\\\/\\\/auberge-colombier-vd.ch\\\/wp-content\\\/uploads\\\/2026\\\/03\\\/Auberge-de-commune-Colombier-\\u00a9EliseMoloney-9.jpg-scaled.jpeg&quot;},{&quot;id&quot;:659,&quot;url&quot;:&quot;https:\\\/\\\/auberge-colombier-vd.ch\\\/wp-content\\\/uploads\\\/2026\\\/03\\\/Auberge-de-commune-Colombier-\\u00a9EliseMoloney-10.jpg-scaled.jpeg&quot;},{&quot;id&quot;:660,&quot;url&quot;:&quot;https:\\\/\\\/auberge-colombier-vd.ch\\\/wp-content\\\/uploads\\\/2026\\\/03\\\/Auberge-de-commune-Colombier-\\u00a9EliseMoloney-11.jpg-scaled.jpeg&quot;},{&quot;id&quot;:661,&quot;url&quot;:&quot;https:\\\/\\\/auberge-colombier-vd.ch\\\/wp-content\\\/uploads\\\/2026\\\/03\\\/Auberge-de-commune-Colombier-\\u00a9EliseMoloney-12.jpg-scaled.jpeg&quot;},{&quot;id&quot;:662,&quot;url&quot;:&quot;https:\\\/\\\/auberge-colombier-vd.ch\\\/wp-content\\\/uploads\\\/2026\\\/03\\\/Auberge-de-commune-Colombier-\\u00a9EliseMoloney-13.jpg-scaled.jpeg&quot;},{&quot;id&quot;:663,&quot;url&quot;:&quot;https:\\\/\\\/auberge-colombier-vd.ch\\\/wp-content\\\/uploads\\\/2026\\\/03\\\/Auberge-de-commune-Colombier-\\u00a9EliseMoloney-14.jpg-scaled.jpeg&quot;}],&quot;background_slideshow_loop&quot;:&quot;yes&quot;,&quot;background_slideshow_slide_duration&quot;:5000,&quot;background_slideshow_slide_transition&quot;:&quot;fade&quot;,&quot;background_slideshow_transition_duration&quot;:500}\">\n\t\t\t\t\t<div class=\"e-con-inner\">\n\t\t<div class=\"elementor-element elementor-element-033e9a6 e-con-full e-flex e-con e-child\" data-id=\"033e9a6\" data-element_type=\"container\" data-e-type=\"container\">\n\t\t<div class=\"elementor-element elementor-element-e2d751c e-con-full e-flex e-con e-child\" data-id=\"e2d751c\" data-element_type=\"container\" data-e-type=\"container\">\n\t\t\t\t<div class=\"elementor-element elementor-element-4e9ab03 elementor-widget elementor-widget-heading\" data-id=\"4e9ab03\" data-element_type=\"widget\" data-e-type=\"widget\" data-widget_type=\"heading.default\">\n\t\t\t\t\t<h1 class=\"elementor-heading-title elementor-size-default\">Auberge Communale de Colombier :<br>Restaurant de Terroir (VD)<\/h1>\t\t\t\t<\/div>\n\t\t\t\t<div class=\"elementor-element elementor-element-ee19a28 elementor-widget elementor-widget-heading\" data-id=\"ee19a28\" data-element_type=\"widget\" data-e-type=\"widget\" data-widget_type=\"heading.default\">\n\t\t\t\t\t<span class=\"elementor-heading-title elementor-size-default\">L'authenticit\u00e9 du fait-maison, au gr\u00e9 des saisons et de l'ardoise du march\u00e9.<\/span>\t\t\t\t<\/div>\n\t\t<div class=\"elementor-element elementor-element-9ef75e7 e-con-full e-flex e-con e-child\" data-id=\"9ef75e7\" data-element_type=\"container\" data-e-type=\"container\">\n\t\t\t\t<div class=\"elementor-element elementor-element-1c238d0 elementor-widget elementor-widget-button\" data-id=\"1c238d0\" data-element_type=\"widget\" data-e-type=\"widget\" data-widget_type=\"button.default\">\n\t\t\t\t\t\t\t\t\t\t<a class=\"elementor-button elementor-button-link elementor-size-sm\" href=\"https:\/\/auberge-colombier-vd.ch\/index.php\/reservations\/\">\n\t\t\t\t\t\t<span class=\"elementor-button-content-wrapper\">\n\t\t\t\t\t\t\t\t\t<span class=\"elementor-button-text\">R\u00e9server une table<\/span>\n\t\t\t\t\t<\/span>\n\t\t\t\t\t<\/a>\n\t\t\t\t\t\t\t\t<\/div>\n\t\t\t\t<div class=\"elementor-element elementor-element-cb3864b elementor-widget elementor-widget-button\" data-id=\"cb3864b\" data-element_type=\"widget\" data-e-type=\"widget\" data-widget_type=\"button.default\">\n\t\t\t\t\t\t\t\t\t\t<a class=\"elementor-button elementor-button-link elementor-size-sm\" href=\"tel:+41218697584\">\n\t\t\t\t\t\t<span class=\"elementor-button-content-wrapper\">\n\t\t\t\t\t\t<span class=\"elementor-button-icon\">\n\t\t\t\t<svg aria-hidden=\"true\" class=\"e-font-icon-svg e-fas-phone-alt\" viewBox=\"0 0 512 512\" xmlns=\"http:\/\/www.w3.org\/2000\/svg\"><path d=\"M497.39 361.8l-112-48a24 24 0 0 0-28 6.9l-49.6 60.6A370.66 370.66 0 0 1 130.6 204.11l60.6-49.6a23.94 23.94 0 0 0 6.9-28l-48-112A24.16 24.16 0 0 0 122.6.61l-104 24A24 24 0 0 0 0 48c0 256.5 207.9 464 464 464a24 24 0 0 0 23.4-18.6l24-104a24.29 24.29 0 0 0-14.01-27.6z\"><\/path><\/svg>\t\t\t<\/span>\n\t\t\t\t\t\t\t\t\t<span class=\"elementor-button-text\">+41218697584<\/span>\n\t\t\t\t\t<\/span>\n\t\t\t\t\t<\/a>\n\t\t\t\t\t\t\t\t<\/div>\n\t\t\t\t<\/div>\n\t\t\t\t<\/div>\n\t\t\t\t<div class=\"elementor-element elementor-element-ee2b799 elementor-widget elementor-widget-html\" data-id=\"ee2b799\" data-element_type=\"widget\" data-e-type=\"widget\" data-widget_type=\"html.default\">\n\t\t\t\t\t<div style=\"text-align: center; padding: 15px 0;\">\r\n    <a href=\"https:\/\/www.google.com\/maps\/search\/Auberge+communale+de+Colombier+VD\" target=\"_blank\" rel=\"noopener\" style=\"text-decoration: none; display: inline-flex; align-items: center; justify-content: center; background-color: #ffffff; padding: 12px 25px; border-radius: 50px; box-shadow: 0 4px 15px rgba(0,0,0,0.08); border: 1px solid #f0f0f0; color: #333333; transition: transform 0.2s ease;\">\r\n        \r\n        <img decoding=\"async\" src=\"https:\/\/cdn.jsdelivr.net\/gh\/devicons\/devicon\/icons\/google\/google-original.svg\" alt=\"Google\" style=\"width: 20px; height: 20px; margin-right: 12px;\" \/> \r\n        \r\n        <strong style=\"font-size: 1.2em; margin-right: 8px;\">4.4<\/strong> \r\n        \r\n        <span style=\"color: #fbbc04; font-size: 1.4em; line-height: 1; margin-right: 12px; letter-spacing: 2px;\">\u2605\u2605\u2605\u2605\u2605<\/span> \r\n        \r\n        <span style=\"font-size: 0.95em; color: #5f6368; font-weight: 500;\">Voir nos avis<\/span> \r\n        \r\n    <\/a>\r\n<\/div>\t\t\t\t<\/div>\n\t\t\t\t<\/div>\n\t\t\t\t\t<\/div>\n\t\t\t\t<\/div>\n\t\t<div class=\"elementor-element elementor-element-2add1f6 e-flex e-con-boxed e-con e-parent\" data-id=\"2add1f6\" data-element_type=\"container\" data-e-type=\"container\">\n\t\t\t\t\t<div class=\"e-con-inner\">\n\t\t\t\t<div class=\"elementor-element elementor-element-934dfc6 elementor-widget elementor-widget-heading\" data-id=\"934dfc6\" data-element_type=\"widget\" data-e-type=\"widget\" data-widget_type=\"heading.default\">\n\t\t\t\t\t<h2 class=\"elementor-heading-title elementor-size-default\">Nos menus et formules<\/h2>\t\t\t\t<\/div>\n\t\t<div class=\"elementor-element elementor-element-74dce51 e-grid e-con-full e-con e-child\" data-id=\"74dce51\" data-element_type=\"container\" data-e-type=\"container\">\n\t\t\t\t<div class=\"elementor-element elementor-element-a62336e elementor-widget elementor-widget-html\" data-id=\"a62336e\" data-element_type=\"widget\" data-e-type=\"widget\" data-widget_type=\"html.default\">\n\t\t\t\t\t<style>\r\n    .menu-wrapper-single {\r\n        max-width: 400px; \/* Ajust\u00e9 pour une seule carte *\/\r\n        margin: 20px auto;\r\n        font-family: 'Helvetica Neue', Helvetica, Arial, sans-serif;\r\n    }\r\n    .menu-card {\r\n        background-color: #ffffff;\r\n        border-radius: 12px;\r\n        box-shadow: 0 10px 30px rgba(0,0,0,0.05);\r\n        padding: 40px 30px;\r\n        box-sizing: border-box;\r\n        border-top: 5px solid #c2a36d;\r\n    }\r\n    .menu-card-title {\r\n        font-size: 1.4em;\r\n        color: #2c3e50;\r\n        text-align: center;\r\n        text-transform: uppercase;\r\n        letter-spacing: 1px;\r\n        margin-top: 0;\r\n        margin-bottom: 30px;\r\n        padding-bottom: 15px;\r\n        border-bottom: 1px solid #eeeeee;\r\n    }\r\n    .menu-item {\r\n        margin-bottom: 25px;\r\n    }\r\n    .menu-item-header {\r\n        display: flex;\r\n        justify-content: space-between;\r\n        align-items: baseline;\r\n        margin-bottom: 8px;\r\n    }\r\n    .menu-item-name {\r\n        font-weight: 700;\r\n        font-size: 1.1em;\r\n        color: #333333;\r\n        margin: 0;\r\n    }\r\n    .menu-item-dots {\r\n        flex-grow: 1;\r\n        border-bottom: 1px dotted #cccccc;\r\n        margin: 0 15px;\r\n        position: relative;\r\n        top: -4px;\r\n    }\r\n    .menu-item-price {\r\n        font-weight: 700;\r\n        font-size: 1.15em;\r\n        color: #c2a36d;\r\n        white-space: nowrap;\r\n    }\r\n    .menu-item-desc {\r\n        font-size: 0.95em;\r\n        color: #666666;\r\n        line-height: 1.5;\r\n        margin: 0;\r\n    }\r\n<\/style>\r\n\r\n<div class=\"menu-wrapper-single\">\r\n    <div class=\"menu-card\">\r\n        <h3 class=\"menu-card-title\">\u2600\ufe0f Les midis en semaine<\/h3>\r\n        <div class=\"menu-item\" style=\"margin-top: 30px;\">\r\n            <div class=\"menu-item-header\">\r\n                <h4 class=\"menu-item-name\">Formule \u00ab menu du jour \u00bb<\/h4>\r\n                <div class=\"menu-item-dots\"><\/div>\r\n                <span class=\"menu-item-price\">21.50 CHF<\/span>\r\n            <\/div>\r\n            <p class=\"menu-item-desc\">Entr\u00e9e \u00e0 choix et plat du jour \u00e0 choix<\/p>\r\n        <\/div>\r\n    <\/div>\r\n<\/div>\t\t\t\t<\/div>\n\t\t\t\t<div class=\"elementor-element elementor-element-481b311 elementor-widget elementor-widget-image\" data-id=\"481b311\" data-element_type=\"widget\" data-e-type=\"widget\" data-widget_type=\"image.default\">\n\t\t\t\t\t\t\t\t\t\t\t\t\t\t\t<img fetchpriority=\"high\" decoding=\"async\" width=\"721\" height=\"1024\" src=\"https:\/\/auberge-colombier-vd.ch\/wp-content\/uploads\/2026\/04\/menu-avril-721x1024.jpeg\" class=\"attachment-large size-large wp-image-710\" alt=\"\" srcset=\"https:\/\/auberge-colombier-vd.ch\/wp-content\/uploads\/2026\/04\/menu-avril-721x1024.jpeg 721w, https:\/\/auberge-colombier-vd.ch\/wp-content\/uploads\/2026\/04\/menu-avril-211x300.jpeg 211w, https:\/\/auberge-colombier-vd.ch\/wp-content\/uploads\/2026\/04\/menu-avril-768x1090.jpeg 768w, https:\/\/auberge-colombier-vd.ch\/wp-content\/uploads\/2026\/04\/menu-avril-1082x1536.jpeg 1082w, https:\/\/auberge-colombier-vd.ch\/wp-content\/uploads\/2026\/04\/menu-avril-600x852.jpeg 600w, https:\/\/auberge-colombier-vd.ch\/wp-content\/uploads\/2026\/04\/menu-avril.jpeg 1127w\" sizes=\"(max-width: 721px) 100vw, 721px\" \/>\t\t\t\t\t\t\t\t\t\t\t\t\t\t\t<\/div>\n\t\t\t\t<\/div>\n\t\t<div class=\"elementor-element elementor-element-320bea7 e-con-full e-flex e-con e-child\" data-id=\"320bea7\" data-element_type=\"container\" data-e-type=\"container\">\n\t\t\t\t<\/div>\n\t\t\t\t\t<\/div>\n\t\t\t\t<\/div>\n\t\t<div class=\"elementor-element elementor-element-3c0c573 e-flex e-con-boxed e-con e-parent\" data-id=\"3c0c573\" data-element_type=\"container\" data-e-type=\"container\">\n\t\t\t\t\t<div class=\"e-con-inner\">\n\t\t\t\t<div class=\"elementor-element elementor-element-736c589 elementor-widget elementor-widget-html\" data-id=\"736c589\" data-element_type=\"widget\" data-e-type=\"widget\" data-widget_type=\"html.default\">\n\t\t\t\t\t<style>\r\n    .services-wrapper {\r\n        max-width: 1200px;\r\n        margin: 40px auto 40px auto;\r\n        font-family: 'Helvetica Neue', Helvetica, Arial, sans-serif;\r\n        padding: 0 20px;\r\n    }\r\n    .services-title {\r\n        color: #2c3e50;\r\n        font-size: 2.2em;\r\n        font-weight: bold;\r\n        text-align: center;\r\n        margin-bottom: 50px;\r\n    }\r\n    .services-container {\r\n        display: flex;\r\n        flex-wrap: wrap;\r\n        gap: 30px;\r\n        justify-content: center;\r\n    }\r\n    .service-card {\r\n        flex: 1;\r\n        min-width: 280px;\r\n        max-width: 350px;\r\n        background-color: #ffffff;\r\n        border-radius: 16px;\r\n        padding: 40px 30px;\r\n        text-align: center;\r\n        box-shadow: 0 4px 20px rgba(0,0,0,0.03);\r\n        border: 1px solid #f8f8f8;\r\n        transition: transform 0.3s ease, box-shadow 0.3s ease;\r\n        box-sizing: border-box;\r\n    }\r\n    .service-card:hover {\r\n        transform: translateY(-8px);\r\n        box-shadow: 0 12px 30px rgba(0,0,0,0.08);\r\n    }\r\n    .service-icon {\r\n        margin-bottom: 25px;\r\n        display: inline-flex;\r\n        align-items: center;\r\n        justify-content: center;\r\n        width: 80px;\r\n        height: 80px;\r\n        background-color: #fdfaf4;\r\n        border-radius: 50%;\r\n    }\r\n    .service-name {\r\n        font-size: 1.3em;\r\n        color: #2c3e50;\r\n        margin-top: 0;\r\n        margin-bottom: 15px;\r\n        font-weight: 700;\r\n    }\r\n    .service-desc {\r\n        font-size: 0.95em;\r\n        color: #7f8c8d;\r\n        line-height: 1.6;\r\n        margin: 0;\r\n    }\r\n    .section-separator {\r\n        text-align: center;\r\n        color: #c2a36d;\r\n        font-size: 2em;\r\n        margin: 0 0 40px 0;\r\n        letter-spacing: 5px;\r\n    }\r\n<\/style>\r\n\r\n<div class=\"services-wrapper\">\r\n    <div class=\"section-separator\">***<\/div>\r\n    <h2 class=\"services-title\">Nos prestations et services<\/h2>\r\n    \r\n    <div class=\"services-container\">\r\n        \r\n        <div class=\"service-card\">\r\n            <div class=\"service-icon\">\r\n                <svg width=\"40\" height=\"40\" viewbox=\"0 0 24 24\" fill=\"none\" stroke=\"#c2a36d\" stroke-width=\"1.5\" stroke-linecap=\"round\" stroke-linejoin=\"round\">\r\n                    <path d=\"M3 2v7c0 1.1.9 2 2 2h4a2 2 0 0 0 2-2V2\"><\/path>\r\n                    <path d=\"M7 2v20\"><\/path>\r\n                    <path d=\"M21 15V2v0a5 5 0 0 0-5 5v6c0 1.1.9 2 2 2h3Zm0 0v7\"><\/path>\r\n                <\/svg>\r\n            <\/div>\r\n            <h3 class=\"service-name\">Restaurant<\/h3>\r\n            <p class=\"service-desc\">Espace restaurant de type brasserie proposant une cuisine de march\u00e9 authentique.<\/p>\r\n        <\/div>\r\n        \r\n        <div class=\"service-card\">\r\n            <div class=\"service-icon\">\r\n                <svg width=\"40\" height=\"40\" viewbox=\"0 0 24 24\" fill=\"none\" stroke=\"#c2a36d\" stroke-width=\"1.5\" stroke-linecap=\"round\" stroke-linejoin=\"round\">\r\n                    <path d=\"M17 21v-2a4 4 0 0 0-4-4H5a4 4 0 0 0-4 4v2\"><\/path>\r\n                    <circle cx=\"9\" cy=\"7\" r=\"4\"><\/circle>\r\n                    <path d=\"M23 21v-2a4 4 0 0 0-3-3.87\"><\/path>\r\n                    <path d=\"M16 3.13a4 4 0 0 1 0 7.75\"><\/path>\r\n                <\/svg>\r\n            <\/div>\r\n            <h3 class=\"service-name\">Salle priv\u00e9e<\/h3>\r\n            <p class=\"service-desc\">Privatisation d\u2019une salle d\u2019environ 25 personnes. Id\u00e9al pour vos r\u00e9unions, anniversaires, repas de famille ou communions.<\/p>\r\n        <\/div>\r\n        \r\n        <div class=\"service-card\">\r\n            <div class=\"service-icon\">\r\n                <svg width=\"40\" height=\"40\" viewbox=\"0 0 24 24\" fill=\"none\" stroke=\"#c2a36d\" stroke-width=\"1.5\" stroke-linecap=\"round\" stroke-linejoin=\"round\">\r\n                    <path d=\"M8 22h8\"><\/path>\r\n                    <path d=\"M12 11v11\"><\/path>\r\n                    <path d=\"m22 3-8.646 8.646a.5.5 0 0 1-.708 0L4 3h16Z\"><\/path>\r\n                <\/svg>\r\n            <\/div>\r\n            <h3 class=\"service-name\">Traiteur \u2013 Event<\/h3>\r\n            <p class=\"service-desc\">Service traiteur sur-mesure & accompagnement \u00e9v\u00e9nementiel pour faire de vos r\u00e9ceptions un succ\u00e8s.<\/p>\r\n        <\/div>\r\n        \r\n    <\/div>\r\n<\/div>\t\t\t\t<\/div>\n\t\t\t\t\t<\/div>\n\t\t\t\t<\/div>\n\t\t<div class=\"elementor-element elementor-element-a035416 e-flex e-con-boxed e-con e-parent\" data-id=\"a035416\" data-element_type=\"container\" data-e-type=\"container\">\n\t\t\t\t\t<div class=\"e-con-inner\">\n\t\t\t\t<div class=\"elementor-element elementor-element-072175e elementor-widget elementor-widget-text-editor\" data-id=\"072175e\" data-element_type=\"widget\" data-e-type=\"widget\" data-widget_type=\"text-editor.default\">\n\t\t\t\t\t\t\t\t\t<h2 class=\"menu-title\">Une nouvelle dynamique, une cuisine de march\u00e9 !<\/h2>\n<p style=\"text-align: center;\">Bienvenue \u00e0 l&rsquo;Auberge communale de Colombier. Sous l&rsquo;impulsion de notre nouvelle direction, notre cuisine fait la part belle \u00e0 l&rsquo;authenticit\u00e9 et au terroir. Pour vous garantir une fra\u00eecheur absolue et des plats 100% fait-maison, nous avons fait le choix de travailler exclusivement des produits de saison.<\/p>\n<p style=\"text-align: center;\">D\u00e9couvrez chaque jour nos nouvelles cr\u00e9ations sur notre ardoise du march\u00e9, qui \u00e9volue au gr\u00e9 des arrivages et de l&rsquo;inspiration du Chef. Nous nous r\u00e9jouissons de vous accueillir tr\u00e8s bient\u00f4t !<\/p>\t\t\t\t\t\t\t\t<\/div>\n\t\t\t\t\t<\/div>\n\t\t\t\t<\/div>\n\t\t<div class=\"elementor-element elementor-element-78dc2be e-flex e-con-boxed e-con e-parent\" data-id=\"78dc2be\" data-element_type=\"container\" data-e-type=\"container\">\n\t\t\t\t\t<div class=\"e-con-inner\">\n\t\t\t\t<div class=\"elementor-element elementor-element-9659b15 elementor-widget elementor-widget-html\" data-id=\"9659b15\" data-element_type=\"widget\" data-e-type=\"widget\" data-widget_type=\"html.default\">\n\t\t\t\t\t<style>\r\n    .bio-wrapper {\r\n        max-width: 1000px;\r\n        margin: 80px auto;\r\n        font-family: 'Helvetica Neue', Helvetica, Arial, sans-serif;\r\n        padding: 0 20px;\r\n    }\r\n    .bio-header {\r\n        text-align: center;\r\n        margin-bottom: 40px;\r\n    }\r\n    .bio-overtitle {\r\n        color: #c2a36d;\r\n        text-transform: uppercase;\r\n        letter-spacing: 2px;\r\n        font-size: 0.9em;\r\n        font-weight: 700;\r\n        margin-bottom: 10px;\r\n    }\r\n    .bio-title {\r\n        color: #2c3e50;\r\n        font-size: 2.2em;\r\n        font-weight: bold;\r\n        margin: 0;\r\n    }\r\n    .bio-container {\r\n        display: flex;\r\n        flex-wrap: wrap;\r\n        gap: 50px;\r\n        align-items: center;\r\n        background: #ffffff;\r\n        border-radius: 16px;\r\n        box-shadow: 0 10px 40px rgba(0,0,0,0.04);\r\n        padding: 50px;\r\n        box-sizing: border-box;\r\n    }\r\n    .bio-image-col {\r\n        flex: 1;\r\n        min-width: 250px;\r\n        text-align: center;\r\n    }\r\n    .bio-image {\r\n        width: 100%;\r\n        max-width: 350px;\r\n        border-radius: 12px;\r\n        box-shadow: 0 15px 30px rgba(0,0,0,0.1);\r\n        object-fit: cover;\r\n        border: 5px solid #ffffff;\r\n    }\r\n    .bio-text-col {\r\n        flex: 2;\r\n        min-width: 300px;\r\n    }\r\n    .bio-name {\r\n        font-size: 1.8em;\r\n        color: #2c3e50;\r\n        margin: 0 0 5px 0;\r\n        font-weight: 700;\r\n    }\r\n    .bio-role {\r\n        font-size: 1em;\r\n        color: #c2a36d;\r\n        text-transform: uppercase;\r\n        letter-spacing: 1px;\r\n        font-weight: bold;\r\n        margin-bottom: 25px;\r\n    }\r\n    .bio-intro {\r\n        font-size: 1.15em;\r\n        color: #4a4a4a;\r\n        font-style: italic;\r\n        border-left: 4px solid #c2a36d;\r\n        padding-left: 20px;\r\n        margin-bottom: 25px;\r\n        line-height: 1.5;\r\n    }\r\n    .bio-paragraph {\r\n        font-size: 1em;\r\n        color: #666666;\r\n        line-height: 1.7;\r\n        margin-bottom: 15px;\r\n        text-align: justify;\r\n    }\r\n    \r\n    \/* Adaptation pour les t\u00e9l\u00e9phones *\/\r\n    @media (max-width: 768px) {\r\n        .bio-container {\r\n            padding: 30px 20px;\r\n        }\r\n        .bio-paragraph {\r\n            text-align: left;\r\n        }\r\n    }\r\n<\/style>\r\n\r\n<div class=\"bio-wrapper\">\r\n    <div class=\"bio-header\">\r\n        <div class=\"bio-overtitle\">L'\u00e2me de l'Auberge<\/div>\r\n        <h2 class=\"bio-title\">Rencontrez la direction<\/h2>\r\n    <\/div>\r\n\r\n    <div class=\"bio-container\">\r\n        \r\n        <div class=\"bio-image-col\">\r\n            <img decoding=\"async\" src=\"https:\/\/auberge-colombier-vd.ch\/wp-content\/uploads\/2025\/10\/Photo-ID-Laurent-H-2.jpg\" alt=\"Laurent Hansen\" class=\"bio-image\">\r\n        <\/div>\r\n        \r\n        <div class=\"bio-text-col\">\r\n            <h3 class=\"bio-name\">Laurent Hansen<\/h3>\r\n            <div class=\"bio-role\">Directeur g\u00e9n\u00e9ral<\/div>\r\n            \r\n            <div class=\"bio-intro\">\r\n                \u00ab Laurent, l\u2019enfant de la brasserie d\u2019Alsace, devenu le chef de la restauration autour d'un monde. \u00bb\r\n            <\/div>\r\n            \r\n            <p class=\"bio-paragraph\">\r\n                Tout commence entre les murs d\u2019une brasserie alsacienne, baign\u00e9e du tintement des verres, des parfums de plats mijot\u00e9s, et du bruissement joyeux des 450 convives servis chaque jour. Dans cette fourmili\u00e8re humaine et culinaire, Laurent Hansen apprend au c\u00f4t\u00e9 de sa m\u00e8re, la patronne de la brasserie, l\u2019essence m\u00eame de l\u2019hospitalit\u00e9 - celle qui se donne sans compter, avec g\u00e9n\u00e9rosit\u00e9 et rigueur, mais aussi avec humour et bonne humeur.\r\n            <\/p>\r\n            <p class=\"bio-paragraph\">\r\n                Ce signe de feu sacr\u00e9 l\u2019emm\u00e8nera loin. De Paris \u00e0 l'h\u00f4tel Royal Monceau \u00e0 St-Barth dans la Cara\u00efbe, de Marlow en Angleterre \u00e0 Philadelphie aux Etats-Unis, il grandit au contact des plus grands, dont le l\u00e9gendaire Georges Perrier, M.O.F. et Chef 3 \u00e9toiles Michelin au restaurant \"Le Bec-fin\".\r\n            <\/p>\r\n            <p class=\"bio-paragraph\">\r\n                De ces maisons d\u2019excellence, il retient la noblesse du service, l\u2019exigence du d\u00e9tail... Mais surtout, l\u2019humilit\u00e9 et l\u2019\u00e9coute, piliers d\u2019une hospitalit\u00e9 sinc\u00e8re.\r\n            <\/p>\r\n            <p class=\"bio-paragraph\">\r\n                Et puis vient le temps du retour. La Suisse romande, ses terrasses sur le Lavaux, et un nouveau chapitre \u00e0 \u00e9crire aux c\u00f4t\u00e9s de sa femme et de leurs deux enfants. En reprenant l\u2019Auberge communale de Colombier VD, en lien \u00e9troit avec la Municipalit\u00e9 d\u2019\u00c9chichens, Laurent ne b\u00e2tit pas qu\u2019un projet professionnel, il pose une pierre familiale, un lieu de m\u00e9moire vivante et de futur partag\u00e9.\r\n            <\/p>\r\n        <\/div>\r\n        \r\n    <\/div>\r\n<\/div>\t\t\t\t<\/div>\n\t\t\t\t\t<\/div>\n\t\t\t\t<\/div>\n\t\t\t\t<\/div>\n\t\t","protected":false},"excerpt":{"rendered":"<p>Auberge Communale de Colombier :Restaurant de Terroir (VD) L&rsquo;authenticit\u00e9 du fait-maison, au gr\u00e9 des saisons et de l&rsquo;ardoise du march\u00e9. R\u00e9server une table +41218697584 4.4 \u2605\u2605\u2605\u2605\u2605 Voir nos avis Nos menus et formules \u2600\ufe0f Les midis en semaine Formule \u00ab menu du jour \u00bb 21.50 CHF Entr\u00e9e \u00e0 choix et [&hellip;]<\/p>\n","protected":false},"author":1,"featured_media":0,"parent":0,"menu_order":0,"comment_status":"closed","ping_status":"closed","template":"","meta":{"_themeisle_gutenberg_block_has_review":false,"footnotes":""},"class_list":["post-14","page","type-page","status-publish","hentry"],"jetpack_sharing_enabled":true,"_links":{"self":[{"href":"https:\/\/auberge-colombier-vd.ch\/index.php\/wp-json\/wp\/v2\/pages\/14","targetHints":{"allow":["GET"]}}],"collection":[{"href":"https:\/\/auberge-colombier-vd.ch\/index.php\/wp-json\/wp\/v2\/pages"}],"about":[{"href":"https:\/\/auberge-colombier-vd.ch\/index.php\/wp-json\/wp\/v2\/types\/page"}],"author":[{"embeddable":true,"href":"https:\/\/auberge-colombier-vd.ch\/index.php\/wp-json\/wp\/v2\/users\/1"}],"replies":[{"embeddable":true,"href":"https:\/\/auberge-colombier-vd.ch\/index.php\/wp-json\/wp\/v2\/comments?post=14"}],"version-history":[{"count":170,"href":"https:\/\/auberge-colombier-vd.ch\/index.php\/wp-json\/wp\/v2\/pages\/14\/revisions"}],"predecessor-version":[{"id":722,"href":"https:\/\/auberge-colombier-vd.ch\/index.php\/wp-json\/wp\/v2\/pages\/14\/revisions\/722"}],"wp:attachment":[{"href":"https:\/\/auberge-colombier-vd.ch\/index.php\/wp-json\/wp\/v2\/media?parent=14"}],"curies":[{"name":"wp","href":"https:\/\/api.w.org\/{rel}","templated":true}]}}