{"id":442,"date":"2025-11-19T09:32:41","date_gmt":"2025-11-19T09:32:41","guid":{"rendered":"https:\/\/auberge-colombier-vd.ch\/?page_id=442"},"modified":"2025-12-18T12:58:30","modified_gmt":"2025-12-18T12:58:30","slug":"oenotourisme","status":"publish","type":"page","link":"https:\/\/auberge-colombier-vd.ch\/index.php\/oenotourisme\/","title":{"rendered":"Oenotourisme"},"content":{"rendered":"\n<p><strong>\u00c9TABLISSEMENT CERTIFI\u00c9 \u2013 VAUD \u0152NOTOURISME<\/strong><\/p>\n\n\n\n<div class=\"wp-block-columns is-layout-flex wp-container-core-columns-is-layout-28f84493 wp-block-columns-is-layout-flex\">\n<div class=\"wp-block-column is-layout-flow wp-block-column-is-layout-flow\"><\/div>\n\n\n\n<div class=\"wp-block-column is-layout-flow wp-block-column-is-layout-flow\">\n<figure class=\"wp-block-image size-full\"><img fetchpriority=\"high\" decoding=\"async\" width=\"747\" height=\"748\" src=\"https:\/\/auberge-colombier-vd.ch\/wp-content\/uploads\/2025\/11\/oenotourisme.png\" alt=\"\" class=\"wp-image-445\" srcset=\"https:\/\/auberge-colombier-vd.ch\/wp-content\/uploads\/2025\/11\/oenotourisme.png 747w, https:\/\/auberge-colombier-vd.ch\/wp-content\/uploads\/2025\/11\/oenotourisme-300x300.png 300w, https:\/\/auberge-colombier-vd.ch\/wp-content\/uploads\/2025\/11\/oenotourisme-150x150.png 150w, https:\/\/auberge-colombier-vd.ch\/wp-content\/uploads\/2025\/11\/oenotourisme-600x601.png 600w, https:\/\/auberge-colombier-vd.ch\/wp-content\/uploads\/2025\/11\/oenotourisme-160x160.png 160w\" sizes=\"(max-width: 747px) 100vw, 747px\" \/><\/figure>\n<\/div>\n\n\n\n<div class=\"wp-block-column is-layout-flow wp-block-column-is-layout-flow\"><\/div>\n<\/div>\n\n\n\n<div class=\"wp-block-columns is-layout-flex wp-container-core-columns-is-layout-28f84493 wp-block-columns-is-layout-flex\">\n<div class=\"wp-block-column is-layout-flow wp-block-column-is-layout-flow\" style=\"flex-basis:33.33%\">\n<figure class=\"wp-block-image size-full\"><img decoding=\"async\" width=\"552\" height=\"941\" src=\"https:\/\/auberge-colombier-vd.ch\/wp-content\/uploads\/2025\/11\/vins.png\" alt=\"\" class=\"wp-image-443\" srcset=\"https:\/\/auberge-colombier-vd.ch\/wp-content\/uploads\/2025\/11\/vins.png 552w, https:\/\/auberge-colombier-vd.ch\/wp-content\/uploads\/2025\/11\/vins-176x300.png 176w\" sizes=\"(max-width: 552px) 100vw, 552px\" \/><\/figure>\n<\/div>\n\n\n\n<div class=\"wp-block-column is-layout-flow wp-block-column-is-layout-flow\" style=\"flex-basis:66.66%\">\n<p>Au c\u0153ur du Pays de Vaud, terre viticole et gastronomique d\u2019exception, notre \u00e9tablissement labellis\u00e9&nbsp;<strong>Vaud \u0152notourisme<\/strong>&nbsp;vous garantit une exp\u00e9rience authentique et raffin\u00e9e.<\/p>\n\n\n\n<p>Cette certification distingue les professionnels engag\u00e9s \u00e0 offrir une immersion unique dans le terroir vaudois, \u00e0 travers des vins d\u2019exception et une cuisine savoureuse. D\u00e9couvrez nos \u00e9v\u00e8nements-concepts, d\u00e9gustez et partagez des moments inoubliables dans un cadre o\u00f9 qualit\u00e9 suisse, passion et hospitalit\u00e9 se conjuguent pour ravir les \u00e9picuriens et amateurs de d\u00e9couvertes excusionnistes et touristiques. Bienvenue dans un voyage sensoriel au c\u0153ur des saveurs vaudoises !<\/p>\n<\/div>\n<\/div>\n\n\n\n<p><\/p>\n","protected":false},"excerpt":{"rendered":"<p>\u00c9TABLISSEMENT CERTIFI\u00c9 \u2013 VAUD \u0152NOTOURISME Au c\u0153ur du Pays de Vaud, terre viticole et gastronomique d\u2019exception, notre \u00e9tablissement labellis\u00e9&nbsp;Vaud \u0152notourisme&nbsp;vous garantit une exp\u00e9rience authentique et raffin\u00e9e. Cette certification distingue les professionnels engag\u00e9s \u00e0 offrir une immersion unique dans le terroir vaudois, \u00e0 travers des vins d\u2019exception et une cuisine savoureuse. [&hellip;]<\/p>\n","protected":false},"author":1,"featured_media":447,"parent":0,"menu_order":0,"comment_status":"closed","ping_status":"closed","template":"","meta":{"_themeisle_gutenberg_block_has_review":false,"footnotes":""},"class_list":["post-442","page","type-page","status-publish","has-post-thumbnail","hentry"],"jetpack_sharing_enabled":true,"_links":{"self":[{"href":"https:\/\/auberge-colombier-vd.ch\/index.php\/wp-json\/wp\/v2\/pages\/442","targetHints":{"allow":["GET"]}}],"collection":[{"href":"https:\/\/auberge-colombier-vd.ch\/index.php\/wp-json\/wp\/v2\/pages"}],"about":[{"href":"https:\/\/auberge-colombier-vd.ch\/index.php\/wp-json\/wp\/v2\/types\/page"}],"author":[{"embeddable":true,"href":"https:\/\/auberge-colombier-vd.ch\/index.php\/wp-json\/wp\/v2\/users\/1"}],"replies":[{"embeddable":true,"href":"https:\/\/auberge-colombier-vd.ch\/index.php\/wp-json\/wp\/v2\/comments?post=442"}],"version-history":[{"count":2,"href":"https:\/\/auberge-colombier-vd.ch\/index.php\/wp-json\/wp\/v2\/pages\/442\/revisions"}],"predecessor-version":[{"id":500,"href":"https:\/\/auberge-colombier-vd.ch\/index.php\/wp-json\/wp\/v2\/pages\/442\/revisions\/500"}],"wp:featuredmedia":[{"embeddable":true,"href":"https:\/\/auberge-colombier-vd.ch\/index.php\/wp-json\/wp\/v2\/media\/447"}],"wp:attachment":[{"href":"https:\/\/auberge-colombier-vd.ch\/index.php\/wp-json\/wp\/v2\/media?parent=442"}],"curies":[{"name":"wp","href":"https:\/\/api.w.org\/{rel}","templated":true}]}}