{"id":298,"date":"2025-07-28T13:42:57","date_gmt":"2025-07-28T13:42:57","guid":{"rendered":"https:\/\/demo.lemansec.ch\/auberge-colombier.ch\/?post_type=product&#038;p=298"},"modified":"2025-10-16T17:56:34","modified_gmt":"2025-10-16T17:56:34","slug":"salade-melee","status":"publish","type":"product","link":"https:\/\/auberge-colombier-vd.ch\/index.php\/produit\/salade-melee\/","title":{"rendered":"Salade M\u00eal\u00e9e"},"content":{"rendered":"<p>Salade m\u00eal\u00e9e compos\u00e9e de laitue fris\u00e9e, tomates, c\u00e8leri, concombre, choux, carottes r\u00e2p\u00e9es et ma\u00efs.<\/p>\n<p>Assaisonn\u00e9e avec une sauce Italienne<\/p>\n","protected":false},"excerpt":{"rendered":"<p>Salade m\u00eal\u00e9e compos\u00e9e de laitue fris\u00e9e, tomates, c\u00e8leri, concombre, choux, carottes r\u00e2p\u00e9es et ma\u00efs. Assaisonn\u00e9e avec une sauce Italienne<\/p>\n","protected":false},"featured_media":301,"comment_status":"open","ping_status":"closed","template":"","meta":{"_themeisle_gutenberg_block_has_review":false,"jetpack_publicize_message":"","jetpack_publicize_feature_enabled":true,"jetpack_social_post_already_shared":true,"jetpack_social_options":{"image_generator_settings":{"template":"highway","default_image_id":0,"font":"","enabled":false},"version":2}},"product_brand":[],"product_cat":[18],"product_tag":[],"class_list":{"0":"post-298","1":"product","2":"type-product","3":"status-publish","4":"has-post-thumbnail","6":"product_cat-entree","8":"first","9":"instock","10":"taxable","11":"shipping-taxable","12":"purchasable","13":"product-type-variable"},"jetpack_publicize_connections":[],"jetpack_sharing_enabled":true,"_links":{"self":[{"href":"https:\/\/auberge-colombier-vd.ch\/index.php\/wp-json\/wp\/v2\/product\/298","targetHints":{"allow":["GET"]}}],"collection":[{"href":"https:\/\/auberge-colombier-vd.ch\/index.php\/wp-json\/wp\/v2\/product"}],"about":[{"href":"https:\/\/auberge-colombier-vd.ch\/index.php\/wp-json\/wp\/v2\/types\/product"}],"replies":[{"embeddable":true,"href":"https:\/\/auberge-colombier-vd.ch\/index.php\/wp-json\/wp\/v2\/comments?post=298"}],"wp:featuredmedia":[{"embeddable":true,"href":"https:\/\/auberge-colombier-vd.ch\/index.php\/wp-json\/wp\/v2\/media\/301"}],"wp:attachment":[{"href":"https:\/\/auberge-colombier-vd.ch\/index.php\/wp-json\/wp\/v2\/media?parent=298"}],"wp:term":[{"taxonomy":"product_brand","embeddable":true,"href":"https:\/\/auberge-colombier-vd.ch\/index.php\/wp-json\/wp\/v2\/product_brand?post=298"},{"taxonomy":"product_cat","embeddable":true,"href":"https:\/\/auberge-colombier-vd.ch\/index.php\/wp-json\/wp\/v2\/product_cat?post=298"},{"taxonomy":"product_tag","embeddable":true,"href":"https:\/\/auberge-colombier-vd.ch\/index.php\/wp-json\/wp\/v2\/product_tag?post=298"}],"curies":[{"name":"wp","href":"https:\/\/api.w.org\/{rel}","templated":true}]}}