{"id":306,"date":"2025-07-28T14:07:27","date_gmt":"2025-07-28T14:07:27","guid":{"rendered":"https:\/\/demo.lemansec.ch\/auberge-colombier.ch\/?post_type=product&#038;p=306"},"modified":"2025-10-16T17:42:37","modified_gmt":"2025-10-16T17:42:37","slug":"ravioles-de-ricotta-et-epinards-plat-signature-chef-gasnier","status":"publish","type":"product","link":"https:\/\/auberge-colombier-vd.ch\/index.php\/produit\/ravioles-de-ricotta-et-epinards-plat-signature-chef-gasnier\/","title":{"rendered":"Ravioles de Ricotta et \u00e9pinards &#8211; Plat signature Chef Gasnier"},"content":{"rendered":"<p>D\u00e9licates et savoureuses, ces ravioles farcies \u00e0 la ricotta cr\u00e9meuse et aux \u00e9pinards tendres offrent un \u00e9quilibre parfait entre douceur et fra\u00eecheur. Chaque bouch\u00e9e r\u00e9v\u00e8le une garniture onctueuse envelopp\u00e9e dans une p\u00e2te fine et l\u00e9g\u00e8rement al dente.<\/p>\n<p>Ce plat incarne l\u2019\u00e9l\u00e9gance de la cuisine italienne : simple dans ses ingr\u00e9dients, mais riche en go\u00fbt.<\/p>\n","protected":false},"excerpt":{"rendered":"<p>D\u00e9licates et savoureuses, ces ravioles farcies \u00e0 la ricotta cr\u00e9meuse et aux \u00e9pinards tendres offrent un \u00e9quilibre parfait entre douceur et fra\u00eecheur. Chaque bouch\u00e9e r\u00e9v\u00e8le une garniture onctueuse envelopp\u00e9e dans une p\u00e2te fine et l\u00e9g\u00e8rement al dente. Ce plat incarne l\u2019\u00e9l\u00e9gance de la cuisine italienne : simple dans ses ingr\u00e9dients, [&hellip;]<\/p>\n","protected":false},"featured_media":307,"comment_status":"open","ping_status":"closed","template":"","meta":{"_themeisle_gutenberg_block_has_review":false,"jetpack_publicize_message":"","jetpack_publicize_feature_enabled":true,"jetpack_social_post_already_shared":true,"jetpack_social_options":{"image_generator_settings":{"template":"highway","default_image_id":0,"font":"","enabled":false},"version":2}},"product_brand":[],"product_cat":[31,24],"product_tag":[],"class_list":{"0":"post-306","1":"product","2":"type-product","3":"status-publish","4":"has-post-thumbnail","6":"product_cat-plat-signature","7":"product_cat-vegetarien","9":"first","10":"instock","11":"taxable","12":"shipping-taxable","13":"purchasable","14":"product-type-simple"},"jetpack_publicize_connections":[],"jetpack_sharing_enabled":true,"_links":{"self":[{"href":"https:\/\/auberge-colombier-vd.ch\/index.php\/wp-json\/wp\/v2\/product\/306","targetHints":{"allow":["GET"]}}],"collection":[{"href":"https:\/\/auberge-colombier-vd.ch\/index.php\/wp-json\/wp\/v2\/product"}],"about":[{"href":"https:\/\/auberge-colombier-vd.ch\/index.php\/wp-json\/wp\/v2\/types\/product"}],"replies":[{"embeddable":true,"href":"https:\/\/auberge-colombier-vd.ch\/index.php\/wp-json\/wp\/v2\/comments?post=306"}],"wp:featuredmedia":[{"embeddable":true,"href":"https:\/\/auberge-colombier-vd.ch\/index.php\/wp-json\/wp\/v2\/media\/307"}],"wp:attachment":[{"href":"https:\/\/auberge-colombier-vd.ch\/index.php\/wp-json\/wp\/v2\/media?parent=306"}],"wp:term":[{"taxonomy":"product_brand","embeddable":true,"href":"https:\/\/auberge-colombier-vd.ch\/index.php\/wp-json\/wp\/v2\/product_brand?post=306"},{"taxonomy":"product_cat","embeddable":true,"href":"https:\/\/auberge-colombier-vd.ch\/index.php\/wp-json\/wp\/v2\/product_cat?post=306"},{"taxonomy":"product_tag","embeddable":true,"href":"https:\/\/auberge-colombier-vd.ch\/index.php\/wp-json\/wp\/v2\/product_tag?post=306"}],"curies":[{"name":"wp","href":"https:\/\/api.w.org\/{rel}","templated":true}]}}