{"id":308,"date":"2025-07-28T14:24:04","date_gmt":"2025-07-28T14:24:04","guid":{"rendered":"https:\/\/demo.lemansec.ch\/auberge-colombier.ch\/?post_type=product&#038;p=308"},"modified":"2025-07-28T14:24:04","modified_gmt":"2025-07-28T14:24:04","slug":"pave-de-sandre-au-safran-plat-signature-chef-gasnier","status":"publish","type":"product","link":"https:\/\/auberge-colombier-vd.ch\/index.php\/produit\/pave-de-sandre-au-safran-plat-signature-chef-gasnier\/","title":{"rendered":"Pav\u00e9 de sandre au safran &#8211; Plat signature Chef Gasnier"},"content":{"rendered":"<p>Pav\u00e9 de sandre, sauce Vigneronne, pomme de terre Suisse fa\u00e7on \u00ab\u00a0Cocotte\u00a0\u00bb au safran.<\/p>\n<p>Plongez dans une assiette o\u00f9 raffinement et terroir s\u2019embrassent avec \u00e9l\u00e9gance. Le sandre, poisson noble des rivi\u00e8res, est ici saisi en pav\u00e9 pour pr\u00e9server sa chair d\u00e9licatement nacr\u00e9e et sa texture fondante. Il repose sur un lit de sauce Vigneronne, r\u00e9duction g\u00e9n\u00e9reuse de vin blanc sec, d\u2019\u00e9chalotes confites et d\u2019un soup\u00e7on de beurre mont\u00e9, qui apporte rondeur et intensit\u00e9 aromatique, subtilement relev\u00e9e par une pointe d\u2019acidit\u00e9.<\/p>\n<p>\u00c0 ses c\u00f4t\u00e9s, les pommes de terre suisses (petites et fermes) sont pr\u00e9par\u00e9es en cocotte avec un bouillon l\u00e9ger infus\u00e9 au safran, qui colore leur peau d\u2019un jaune dor\u00e9 et leur conf\u00e8re une saveur douce, florale et envo\u00fbtante. Le tout \u00e9voque une promenade champ\u00eatre entre vignes et lac, une cuisine \u00e0 la fois rustique et majestueuse.<\/p>\n","protected":false},"excerpt":{"rendered":"<p>Pav\u00e9 de sandre, sauce Vigneronne, pomme de terre Suisse fa\u00e7on \u00ab\u00a0Cocotte\u00a0\u00bb au safran. Plongez dans une assiette o\u00f9 raffinement et terroir s\u2019embrassent avec \u00e9l\u00e9gance. Le sandre, poisson noble des rivi\u00e8res, est ici saisi en pav\u00e9 pour pr\u00e9server sa chair d\u00e9licatement nacr\u00e9e et sa texture fondante. Il repose sur un lit [&hellip;]<\/p>\n","protected":false},"featured_media":309,"comment_status":"open","ping_status":"closed","template":"","meta":{"_themeisle_gutenberg_block_has_review":false,"jetpack_publicize_message":"","jetpack_publicize_feature_enabled":true,"jetpack_social_post_already_shared":true,"jetpack_social_options":{"image_generator_settings":{"template":"highway","default_image_id":0,"font":"","enabled":false},"version":2}},"product_brand":[],"product_cat":[31,19],"product_tag":[],"class_list":{"0":"post-308","1":"product","2":"type-product","3":"status-publish","4":"has-post-thumbnail","6":"product_cat-plat-signature","7":"product_cat-poissons","9":"first","10":"instock","11":"taxable","12":"shipping-taxable","13":"purchasable","14":"product-type-simple"},"jetpack_publicize_connections":[],"jetpack_sharing_enabled":true,"_links":{"self":[{"href":"https:\/\/auberge-colombier-vd.ch\/index.php\/wp-json\/wp\/v2\/product\/308","targetHints":{"allow":["GET"]}}],"collection":[{"href":"https:\/\/auberge-colombier-vd.ch\/index.php\/wp-json\/wp\/v2\/product"}],"about":[{"href":"https:\/\/auberge-colombier-vd.ch\/index.php\/wp-json\/wp\/v2\/types\/product"}],"replies":[{"embeddable":true,"href":"https:\/\/auberge-colombier-vd.ch\/index.php\/wp-json\/wp\/v2\/comments?post=308"}],"wp:featuredmedia":[{"embeddable":true,"href":"https:\/\/auberge-colombier-vd.ch\/index.php\/wp-json\/wp\/v2\/media\/309"}],"wp:attachment":[{"href":"https:\/\/auberge-colombier-vd.ch\/index.php\/wp-json\/wp\/v2\/media?parent=308"}],"wp:term":[{"taxonomy":"product_brand","embeddable":true,"href":"https:\/\/auberge-colombier-vd.ch\/index.php\/wp-json\/wp\/v2\/product_brand?post=308"},{"taxonomy":"product_cat","embeddable":true,"href":"https:\/\/auberge-colombier-vd.ch\/index.php\/wp-json\/wp\/v2\/product_cat?post=308"},{"taxonomy":"product_tag","embeddable":true,"href":"https:\/\/auberge-colombier-vd.ch\/index.php\/wp-json\/wp\/v2\/product_tag?post=308"}],"curies":[{"name":"wp","href":"https:\/\/api.w.org\/{rel}","templated":true}]}}