{"id":310,"date":"2025-07-28T14:32:20","date_gmt":"2025-07-28T14:32:20","guid":{"rendered":"https:\/\/demo.lemansec.ch\/auberge-colombier.ch\/?post_type=product&#038;p=310"},"modified":"2025-07-28T14:32:20","modified_gmt":"2025-07-28T14:32:20","slug":"filet-de-truite-du-val-de-travers-plat-signature-chef-gasnier","status":"publish","type":"product","link":"https:\/\/auberge-colombier-vd.ch\/index.php\/produit\/filet-de-truite-du-val-de-travers-plat-signature-chef-gasnier\/","title":{"rendered":"Filet de Truite du Val de Travers &#8211; Plat signature Chef Gasnier"},"content":{"rendered":"<p>Fra\u00eechement p\u00each\u00e9e, ses filets, soigneusement lev\u00e9s d\u00e9voilent une chair fine, ros\u00e9e, et d\u00e9licatement parfum\u00e9e, qui fond en bouche \u00e0 la premi\u00e8re bouch\u00e9e.<\/p>\n<p>Cuite avec pr\u00e9cision en vapeur douce elle est accompagn\u00e9es d\u2019un trait de citron ainsi qu&rsquo;un beurre mont\u00e9 aux baies du pays, soulignant sa fra\u00eecheur sans masquer la subtilit\u00e9 de leur go\u00fbt.<\/p>\n","protected":false},"excerpt":{"rendered":"<p>Fra\u00eechement p\u00each\u00e9e, ses filets, soigneusement lev\u00e9s d\u00e9voilent une chair fine, ros\u00e9e, et d\u00e9licatement parfum\u00e9e, qui fond en bouche \u00e0 la premi\u00e8re bouch\u00e9e. Cuite avec pr\u00e9cision en vapeur douce elle est accompagn\u00e9es d\u2019un trait de citron ainsi qu&rsquo;un beurre mont\u00e9 aux baies du pays, soulignant sa fra\u00eecheur sans masquer la subtilit\u00e9 [&hellip;]<\/p>\n","protected":false},"featured_media":311,"comment_status":"open","ping_status":"closed","template":"","meta":{"_themeisle_gutenberg_block_has_review":false,"jetpack_publicize_message":"","jetpack_publicize_feature_enabled":true,"jetpack_social_post_already_shared":true,"jetpack_social_options":{"image_generator_settings":{"template":"highway","default_image_id":0,"font":"","enabled":false},"version":2}},"product_brand":[],"product_cat":[31,19],"product_tag":[],"class_list":{"0":"post-310","1":"product","2":"type-product","3":"status-publish","4":"has-post-thumbnail","6":"product_cat-plat-signature","7":"product_cat-poissons","9":"first","10":"instock","11":"taxable","12":"shipping-taxable","13":"purchasable","14":"product-type-simple"},"jetpack_publicize_connections":[],"jetpack_sharing_enabled":true,"_links":{"self":[{"href":"https:\/\/auberge-colombier-vd.ch\/index.php\/wp-json\/wp\/v2\/product\/310","targetHints":{"allow":["GET"]}}],"collection":[{"href":"https:\/\/auberge-colombier-vd.ch\/index.php\/wp-json\/wp\/v2\/product"}],"about":[{"href":"https:\/\/auberge-colombier-vd.ch\/index.php\/wp-json\/wp\/v2\/types\/product"}],"replies":[{"embeddable":true,"href":"https:\/\/auberge-colombier-vd.ch\/index.php\/wp-json\/wp\/v2\/comments?post=310"}],"wp:featuredmedia":[{"embeddable":true,"href":"https:\/\/auberge-colombier-vd.ch\/index.php\/wp-json\/wp\/v2\/media\/311"}],"wp:attachment":[{"href":"https:\/\/auberge-colombier-vd.ch\/index.php\/wp-json\/wp\/v2\/media?parent=310"}],"wp:term":[{"taxonomy":"product_brand","embeddable":true,"href":"https:\/\/auberge-colombier-vd.ch\/index.php\/wp-json\/wp\/v2\/product_brand?post=310"},{"taxonomy":"product_cat","embeddable":true,"href":"https:\/\/auberge-colombier-vd.ch\/index.php\/wp-json\/wp\/v2\/product_cat?post=310"},{"taxonomy":"product_tag","embeddable":true,"href":"https:\/\/auberge-colombier-vd.ch\/index.php\/wp-json\/wp\/v2\/product_tag?post=310"}],"curies":[{"name":"wp","href":"https:\/\/api.w.org\/{rel}","templated":true}]}}