{"id":314,"date":"2025-07-28T14:42:42","date_gmt":"2025-07-28T14:42:42","guid":{"rendered":"https:\/\/demo.lemansec.ch\/auberge-colombier.ch\/?post_type=product&#038;p=314"},"modified":"2025-11-21T11:57:40","modified_gmt":"2025-11-21T11:57:40","slug":"joues-de-boeuf-braisees-a-la-biere-plat-signature-chef-gasnier","status":"publish","type":"product","link":"https:\/\/auberge-colombier-vd.ch\/index.php\/produit\/joues-de-boeuf-braisees-a-la-biere-plat-signature-chef-gasnier\/","title":{"rendered":"Joues de Boeuf brais\u00e9es \u00e0 la bi\u00e8re &#8211; Plat signature Chef Gasnier"},"content":{"rendered":"<p>Joues de b\u0153uf brais\u00e9es \u00e0 la bi\u00e8re, garniture Grand-M\u00e8re, pur\u00e9e de pommes de terre parfum\u00e9e \u00e0 la muscade, l\u00e9gumes pot au feu.<\/p>\n<p>Tendrement mijot\u00e9es pendant des heures dans une bi\u00e8re artisanale aux notes torr\u00e9fi\u00e9es et l\u00e9g\u00e8rement am\u00e8res, les joues de b\u0153uf deviennent fondantes \u00e0 souhait, impr\u00e9gn\u00e9es d\u2019ar\u00f4mes profonds et chaleureux.<\/p>\n<p>En accompagnement, une pur\u00e9e de pommes de terre onctueuse, relev\u00e9e d\u2019une pointe de muscade, vient adoucir l\u2019ensemble tout en r\u00e9chauffant les sens.<\/p>\n<p>Les l\u00e9gumes du pot-au-feu, cuits lentement dans un bouillon parfum\u00e9, compl\u00e8tent ce tableau bucolique : poireaux, navets et c\u00e9leri apportent fra\u00eecheur et \u00e9quilibre dans un plat \u00e0 la fois g\u00e9n\u00e9reux et plein de m\u00e9moire.<\/p>\n","protected":false},"excerpt":{"rendered":"<p>Joues de b\u0153uf brais\u00e9es \u00e0 la bi\u00e8re, garniture Grand-M\u00e8re, pur\u00e9e de pommes de terre parfum\u00e9e \u00e0 la muscade, l\u00e9gumes pot au feu. Tendrement mijot\u00e9es pendant des heures dans une bi\u00e8re artisanale aux notes torr\u00e9fi\u00e9es et l\u00e9g\u00e8rement am\u00e8res, les joues de b\u0153uf deviennent fondantes \u00e0 souhait, impr\u00e9gn\u00e9es d\u2019ar\u00f4mes profonds et chaleureux. [&hellip;]<\/p>\n","protected":false},"featured_media":315,"comment_status":"open","ping_status":"closed","template":"","meta":{"_themeisle_gutenberg_block_has_review":false,"jetpack_publicize_message":"","jetpack_publicize_feature_enabled":true,"jetpack_social_post_already_shared":true,"jetpack_social_options":{"image_generator_settings":{"template":"highway","default_image_id":0,"font":"","enabled":false},"version":2}},"product_brand":[],"product_cat":[33,31],"product_tag":[],"class_list":{"0":"post-314","1":"product","2":"type-product","3":"status-publish","4":"has-post-thumbnail","6":"product_cat-boeuf","7":"product_cat-plat-signature","9":"first","10":"instock","11":"taxable","12":"shipping-taxable","13":"purchasable","14":"product-type-simple"},"jetpack_publicize_connections":[],"jetpack_sharing_enabled":true,"_links":{"self":[{"href":"https:\/\/auberge-colombier-vd.ch\/index.php\/wp-json\/wp\/v2\/product\/314","targetHints":{"allow":["GET"]}}],"collection":[{"href":"https:\/\/auberge-colombier-vd.ch\/index.php\/wp-json\/wp\/v2\/product"}],"about":[{"href":"https:\/\/auberge-colombier-vd.ch\/index.php\/wp-json\/wp\/v2\/types\/product"}],"replies":[{"embeddable":true,"href":"https:\/\/auberge-colombier-vd.ch\/index.php\/wp-json\/wp\/v2\/comments?post=314"}],"wp:featuredmedia":[{"embeddable":true,"href":"https:\/\/auberge-colombier-vd.ch\/index.php\/wp-json\/wp\/v2\/media\/315"}],"wp:attachment":[{"href":"https:\/\/auberge-colombier-vd.ch\/index.php\/wp-json\/wp\/v2\/media?parent=314"}],"wp:term":[{"taxonomy":"product_brand","embeddable":true,"href":"https:\/\/auberge-colombier-vd.ch\/index.php\/wp-json\/wp\/v2\/product_brand?post=314"},{"taxonomy":"product_cat","embeddable":true,"href":"https:\/\/auberge-colombier-vd.ch\/index.php\/wp-json\/wp\/v2\/product_cat?post=314"},{"taxonomy":"product_tag","embeddable":true,"href":"https:\/\/auberge-colombier-vd.ch\/index.php\/wp-json\/wp\/v2\/product_tag?post=314"}],"curies":[{"name":"wp","href":"https:\/\/api.w.org\/{rel}","templated":true}]}}