{"id":331,"date":"2025-10-03T13:24:36","date_gmt":"2025-10-03T13:24:36","guid":{"rendered":"https:\/\/auberge-colombier-vd.ch\/?post_type=product&#038;p=331"},"modified":"2025-10-03T13:29:34","modified_gmt":"2025-10-03T13:29:34","slug":"toast-au-saumon-fume","status":"publish","type":"product","link":"https:\/\/auberge-colombier-vd.ch\/index.php\/produit\/toast-au-saumon-fume\/","title":{"rendered":"Toast au Saumon fum\u00e9"},"content":{"rendered":"<p>Saumon fum\u00e9 par nos soins, Toast, Cr\u00e8me \u00e0 l&rsquo;aneth.<\/p>\n","protected":false},"excerpt":{"rendered":"<p>Saumon fum\u00e9 par nos soins, Toast, Cr\u00e8me \u00e0 l&rsquo;aneth.<\/p>\n","protected":false},"featured_media":332,"comment_status":"open","ping_status":"closed","template":"","meta":{"_themeisle_gutenberg_block_has_review":false,"jetpack_publicize_message":"","jetpack_publicize_feature_enabled":true,"jetpack_social_post_already_shared":true,"jetpack_social_options":{"image_generator_settings":{"template":"highway","default_image_id":0,"font":"","enabled":false},"version":2}},"product_brand":[],"product_cat":[35,23,19],"product_tag":[],"class_list":{"0":"post-331","1":"product","2":"type-product","3":"status-publish","4":"has-post-thumbnail","6":"product_cat-apero","7":"product_cat-petite-faim","8":"product_cat-poissons","10":"first","11":"instock","12":"taxable","13":"shipping-taxable","14":"purchasable","15":"product-type-simple"},"jetpack_publicize_connections":[],"jetpack_sharing_enabled":true,"_links":{"self":[{"href":"https:\/\/auberge-colombier-vd.ch\/index.php\/wp-json\/wp\/v2\/product\/331","targetHints":{"allow":["GET"]}}],"collection":[{"href":"https:\/\/auberge-colombier-vd.ch\/index.php\/wp-json\/wp\/v2\/product"}],"about":[{"href":"https:\/\/auberge-colombier-vd.ch\/index.php\/wp-json\/wp\/v2\/types\/product"}],"replies":[{"embeddable":true,"href":"https:\/\/auberge-colombier-vd.ch\/index.php\/wp-json\/wp\/v2\/comments?post=331"}],"wp:featuredmedia":[{"embeddable":true,"href":"https:\/\/auberge-colombier-vd.ch\/index.php\/wp-json\/wp\/v2\/media\/332"}],"wp:attachment":[{"href":"https:\/\/auberge-colombier-vd.ch\/index.php\/wp-json\/wp\/v2\/media?parent=331"}],"wp:term":[{"taxonomy":"product_brand","embeddable":true,"href":"https:\/\/auberge-colombier-vd.ch\/index.php\/wp-json\/wp\/v2\/product_brand?post=331"},{"taxonomy":"product_cat","embeddable":true,"href":"https:\/\/auberge-colombier-vd.ch\/index.php\/wp-json\/wp\/v2\/product_cat?post=331"},{"taxonomy":"product_tag","embeddable":true,"href":"https:\/\/auberge-colombier-vd.ch\/index.php\/wp-json\/wp\/v2\/product_tag?post=331"}],"curies":[{"name":"wp","href":"https:\/\/api.w.org\/{rel}","templated":true}]}}