{"id":343,"date":"2025-10-03T13:40:58","date_gmt":"2025-10-03T13:40:58","guid":{"rendered":"https:\/\/auberge-colombier-vd.ch\/?post_type=product&#038;p=343"},"modified":"2025-10-03T13:43:51","modified_gmt":"2025-10-03T13:43:51","slug":"piece-du-boucher","status":"publish","type":"product","link":"https:\/\/auberge-colombier-vd.ch\/index.php\/produit\/piece-du-boucher\/","title":{"rendered":"Pi\u00e8ce du boucher"},"content":{"rendered":"<p>Pi\u00e8ce du boucher grill\u00e9, Frites, L\u00e9gumes du mara\u00eecher.<\/p>\n<p>Sauce au choix :<\/p>\n<p>Beurre caf\u00e9 de paris<\/p>\n<p>Sauce vigneronne<\/p>\n<p>Sauce aux Morilles ( +3.50 CHF )<\/p>\n<p>Sauce au poivre flamb\u00e9e cognac ( + 2.50 CHF )<\/p>\n","protected":false},"excerpt":{"rendered":"<p>Pi\u00e8ce du boucher grill\u00e9, Frites, L\u00e9gumes du mara\u00eecher. Sauce au choix : Beurre caf\u00e9 de paris Sauce vigneronne Sauce aux Morilles ( +3.50 CHF ) Sauce au poivre flamb\u00e9e cognac ( + 2.50 CHF )<\/p>\n","protected":false},"featured_media":344,"comment_status":"open","ping_status":"closed","template":"","meta":{"_themeisle_gutenberg_block_has_review":false,"jetpack_publicize_message":"","jetpack_publicize_feature_enabled":true,"jetpack_social_post_already_shared":true,"jetpack_social_options":{"image_generator_settings":{"template":"highway","default_image_id":0,"font":"","enabled":false},"version":2}},"product_brand":[],"product_cat":[33],"product_tag":[],"class_list":{"0":"post-343","1":"product","2":"type-product","3":"status-publish","4":"has-post-thumbnail","6":"product_cat-boeuf","8":"first","9":"instock","10":"taxable","11":"shipping-taxable","12":"purchasable","13":"product-type-variable"},"jetpack_publicize_connections":[],"jetpack_sharing_enabled":true,"_links":{"self":[{"href":"https:\/\/auberge-colombier-vd.ch\/index.php\/wp-json\/wp\/v2\/product\/343","targetHints":{"allow":["GET"]}}],"collection":[{"href":"https:\/\/auberge-colombier-vd.ch\/index.php\/wp-json\/wp\/v2\/product"}],"about":[{"href":"https:\/\/auberge-colombier-vd.ch\/index.php\/wp-json\/wp\/v2\/types\/product"}],"replies":[{"embeddable":true,"href":"https:\/\/auberge-colombier-vd.ch\/index.php\/wp-json\/wp\/v2\/comments?post=343"}],"wp:featuredmedia":[{"embeddable":true,"href":"https:\/\/auberge-colombier-vd.ch\/index.php\/wp-json\/wp\/v2\/media\/344"}],"wp:attachment":[{"href":"https:\/\/auberge-colombier-vd.ch\/index.php\/wp-json\/wp\/v2\/media?parent=343"}],"wp:term":[{"taxonomy":"product_brand","embeddable":true,"href":"https:\/\/auberge-colombier-vd.ch\/index.php\/wp-json\/wp\/v2\/product_brand?post=343"},{"taxonomy":"product_cat","embeddable":true,"href":"https:\/\/auberge-colombier-vd.ch\/index.php\/wp-json\/wp\/v2\/product_cat?post=343"},{"taxonomy":"product_tag","embeddable":true,"href":"https:\/\/auberge-colombier-vd.ch\/index.php\/wp-json\/wp\/v2\/product_tag?post=343"}],"curies":[{"name":"wp","href":"https:\/\/api.w.org\/{rel}","templated":true}]}}