{"id":382,"date":"2025-10-16T18:16:46","date_gmt":"2025-10-16T18:16:46","guid":{"rendered":"https:\/\/auberge-colombier-vd.ch\/?post_type=product&#038;p=382"},"modified":"2025-11-04T16:46:05","modified_gmt":"2025-11-04T16:46:05","slug":"veloute-de-potimarron","status":"publish","type":"product","link":"https:\/\/auberge-colombier-vd.ch\/index.php\/produit\/veloute-de-potimarron\/","title":{"rendered":"Velout\u00e9 de potimarron"},"content":{"rendered":"<p>Velout\u00e9 de potimarron aux graines de courges torr\u00e9fi\u00e9es.<\/p>\n","protected":false},"excerpt":{"rendered":"<p>Velout\u00e9 de potimarron aux graines de courges torr\u00e9fi\u00e9es.<\/p>\n","protected":false},"featured_media":383,"comment_status":"open","ping_status":"closed","template":"","meta":{"_themeisle_gutenberg_block_has_review":false,"jetpack_publicize_message":"","jetpack_publicize_feature_enabled":true,"jetpack_social_post_already_shared":true,"jetpack_social_options":{"image_generator_settings":{"template":"highway","default_image_id":0,"font":"","enabled":false},"version":2}},"product_brand":[],"product_cat":[40,18,24],"product_tag":[],"class_list":{"0":"post-382","1":"product","2":"type-product","3":"status-publish","4":"has-post-thumbnail","6":"product_cat-chasse","7":"product_cat-entree","8":"product_cat-vegetarien","10":"first","11":"instock","12":"taxable","13":"shipping-taxable","14":"purchasable","15":"product-type-simple"},"jetpack_publicize_connections":[],"jetpack_sharing_enabled":true,"_links":{"self":[{"href":"https:\/\/auberge-colombier-vd.ch\/index.php\/wp-json\/wp\/v2\/product\/382","targetHints":{"allow":["GET"]}}],"collection":[{"href":"https:\/\/auberge-colombier-vd.ch\/index.php\/wp-json\/wp\/v2\/product"}],"about":[{"href":"https:\/\/auberge-colombier-vd.ch\/index.php\/wp-json\/wp\/v2\/types\/product"}],"replies":[{"embeddable":true,"href":"https:\/\/auberge-colombier-vd.ch\/index.php\/wp-json\/wp\/v2\/comments?post=382"}],"wp:featuredmedia":[{"embeddable":true,"href":"https:\/\/auberge-colombier-vd.ch\/index.php\/wp-json\/wp\/v2\/media\/383"}],"wp:attachment":[{"href":"https:\/\/auberge-colombier-vd.ch\/index.php\/wp-json\/wp\/v2\/media?parent=382"}],"wp:term":[{"taxonomy":"product_brand","embeddable":true,"href":"https:\/\/auberge-colombier-vd.ch\/index.php\/wp-json\/wp\/v2\/product_brand?post=382"},{"taxonomy":"product_cat","embeddable":true,"href":"https:\/\/auberge-colombier-vd.ch\/index.php\/wp-json\/wp\/v2\/product_cat?post=382"},{"taxonomy":"product_tag","embeddable":true,"href":"https:\/\/auberge-colombier-vd.ch\/index.php\/wp-json\/wp\/v2\/product_tag?post=382"}],"curies":[{"name":"wp","href":"https:\/\/api.w.org\/{rel}","templated":true}]}}